{"id":714,"date":"2025-03-24T03:39:43","date_gmt":"2025-03-24T02:39:43","guid":{"rendered":"http:\/\/www.centrumszkoleniarajdowego.pl\/?page_id=714"},"modified":"2025-03-24T04:54:55","modified_gmt":"2025-03-24T03:54:55","slug":"poziomy-zaawansowania","status":"publish","type":"page","link":"http:\/\/www.centrumszkoleniarajdowego.pl\/?page_id=714","title":{"rendered":"POZIOMY ZAAWANSOWANIA"},"content":{"rendered":"\n<p>Poziomy zaawansowania s\u0105 \u015bci\u015ble zwi\u0105zane z poszczeg\u00f3lnymi technikami jazdy:<\/p>\n\n\n\n<p>1 poziom &#8211; Technika Podstawowa<\/p>\n\n\n\n<p>2 poziom &#8211; Technika Po\u015brednia Fazowa<\/p>\n\n\n\n<p>3 poziom &#8211; Technika Wyczynowa Klasyczna<\/p>\n\n\n\n<p>4 poziom &#8211; Technika Wyczynowa Naturalna<\/p>\n\n\n\n<p>5 poziom &#8211; Technika Wyczynowa Przeciwskr\u0119t<\/p>\n\n\n\n<p>6 poziom &#8211; Technika Wyczynowa Loeb<\/p>\n\n\n\n<p>7 poziom- Technika Wyczynowa Lodowa<\/p>\n\n\n\n<p>8 poziom &#8211; Technika Rotacyjna (obrot\u00f3wka)<\/p>\n\n\n\n<p>9 poziom &#8211; Technika Wyczynowa 1+, oraz 1+,-<\/p>\n\n\n\n<p>10 poziom &#8211; technika wy\u015bcigowa 2 fazowa (r\u0105czka)<\/p>\n\n\n\n<p>I jest ich jeszcze du\u017co, du\u017co &#8230;&#8230;.<\/p>\n\n\n\n<p>Jednak wi\u0119kszy nacisk ni\u017c znajomo\u015b\u0107 poszczeg\u00f3lnych technik jazdy k\u0142ad\u0119 na techniczne wykonanie poszczeg\u00f3lnych element\u00f3w sk\u0142adowych Wyczynowych Technik Jazdy oraz p\u0142ynne ich \u0142\u0105czenie.<\/p>\n\n\n\n<p>Prawid\u0142owo\u015b\u0107 wykonania i po\u0142\u0105czenia ze sob\u0105 Kodu optycznego, Kodu, kierownicy, Kodu gazu, kodu si\u0142 sta\u0142ych i zmiennych jest podstawowym kryterium poziomu zaawansowania.<\/p>\n\n\n\n<p>Opanowanie danej techniki jazdy to  automatyczne wykonywanie a nie samo zapoznanie si\u0119 nazewnictwem.<\/p>\n\n\n\n<h3>Dla pocz\u0105tkuj\u0105cych wa\u017cna jest pierwsza technika. Tu gradacja zaawansowania wygl\u0105da tak:<\/h3>\n\n\n\n<p>1 -kod kierownicy<\/p>\n\n\n\n<p>2- kod hamowania<\/p>\n\n\n\n<p>3- kod optyczny<\/p>\n\n\n\n<p>4 &#8211; kod gazu<\/p>\n\n\n\n<p>5- kod si\u0142 sta\u0142ych i zmiennych<\/p>\n\n\n\n<h3>Opanowanie   techniki 2 oznacza pocz\u0105tek wej\u015bcia do \u015bwiata wyczynowych technik Jazdy:<\/h3>\n\n\n\n<p>Tu do gradacji zaawansowania dodajemy specyficzny tor jazdy i nieco (sporo) inne wykonanie kod\u00f3w ni\u017c w technice 1.<\/p>\n\n\n\n<h3>Opanowanie techniki 3 wpisze Ci\u0119 na list\u0119 kierowc\u00f3w wyczynowych :<\/h3>\n\n\n\n<p>Tu do gradacji zaawansowanie dodajemy bardzo trudne po\u0142\u0105czenie nak\u0142adkowe wszystkich powy\u017cszych. <\/p>\n\n\n\n<p>Ma\u0142a przestroga &#8211; jest to bardzo trudne. Wielu kierowc\u00f3w nie jest w stanie tego wykona\u0107 prawid\u0142owo.<\/p>\n\n\n\n<h2>I TU NAJWA\u017bNIEJSZA RZECZ !!!!<\/h2>\n\n\n\n<p>Ka\u017cda z technik sk\u0142ada si\u0119 z okre\u015blonych element\u00f3w sk\u0142adowych. Ka\u017cdy kod sk\u0142ada si\u0119 z element\u00f3w sk\u0142adowych. Dopiero po\u0142\u0105czenie i wykonanie wszystkich element\u00f3w sk\u0142adowych daje technik\u0119 jazdy. <\/p>\n\n\n\n<p>Jest mn\u00f3stwo rzeczy do poznania i wytrenowania. <\/p>\n\n\n\n<p>Z\u0142e wykonanie,  lub niewykonanie kt\u00f3rego\u015b z element\u00f3w sk\u0142adowych techniki dyskwalifikuje dalsz\u0105 jazd\u0119 czyni\u0105c ja niebezpieczn\u0105, lub zbyt woln\u0105.<\/p>\n\n\n\n<h3>UWAGA !!!<\/h3>\n\n\n\n<p>Technik\u0119 jazdy budujemy punkt po punkcie. Potem \u0142\u0105czymy je w ca\u0142o\u015b\u0107. Je\u017celi nie wdro\u017cysz kt\u00f3rego\u015b punktu nie p\u00f3jdziemy dalej, poniewa\u017c technika nie b\u0119dzie dla Ciebie wykonalna.<\/p>\n\n\n\n<p>Je\u017celi w technice 1 nie b\u0119dziesz w stanie wykona\u0107 lub po\u0142\u0105czy\u0107 punkt\u00f3w techniki jazdy, oznacza\u0107 to b\u0119dzie automatyczny koniec trenowania !!!!!!! Powiniene\u015b (powinna\u015b) wtedy pomy\u015ble\u0107 o oddaniu prawa jazdy.<\/p>\n\n\n\n<p>Je\u017celi b\u0119dzie to dotyczy\u0142o technik wy\u017cszych bardziej zaawansowanych zostaniesz na poziomie poznanej techniki, a otrzymanie kolejnych informacji wy\u017cszych uwarunkowane b\u0119dzie prawid\u0142owym wykonaniem kolejnych element\u00f3w.<\/p>\n","protected":false},"excerpt":{"rendered":"<p>Poziomy zaawansowania s\u0105 \u015bci\u015ble zwi\u0105zane z poszczeg\u00f3lnymi technikami jazdy: 1 poziom &#8211; Technika Podstawowa 2 poziom &#8211; Technika Po\u015brednia Fazowa 3 poziom &#8211; Technika Wyczynowa Klasyczna 4 poziom &#8211; Technika Wyczynowa Naturalna 5 poziom &#8211; Technika Wyczynowa Przeciwskr\u0119t 6 poziom &#8211; Technika Wyczynowa Loeb 7 poziom- Technika Wyczynowa Lodowa 8 poziom &#8211; Technika Rotacyjna (obrot\u00f3wka) [&hellip;]<\/p>\n","protected":false},"author":1,"featured_media":0,"parent":0,"menu_order":50,"comment_status":"closed","ping_status":"closed","template":"","meta":[],"_links":{"self":[{"href":"http:\/\/www.centrumszkoleniarajdowego.pl\/index.php?rest_route=\/wp\/v2\/pages\/714"}],"collection":[{"href":"http:\/\/www.centrumszkoleniarajdowego.pl\/index.php?rest_route=\/wp\/v2\/pages"}],"about":[{"href":"http:\/\/www.centrumszkoleniarajdowego.pl\/index.php?rest_route=\/wp\/v2\/types\/page"}],"author":[{"embeddable":true,"href":"http:\/\/www.centrumszkoleniarajdowego.pl\/index.php?rest_route=\/wp\/v2\/users\/1"}],"replies":[{"embeddable":true,"href":"http:\/\/www.centrumszkoleniarajdowego.pl\/index.php?rest_route=%2Fwp%2Fv2%2Fcomments&post=714"}],"version-history":[{"count":10,"href":"http:\/\/www.centrumszkoleniarajdowego.pl\/index.php?rest_route=\/wp\/v2\/pages\/714\/revisions"}],"predecessor-version":[{"id":731,"href":"http:\/\/www.centrumszkoleniarajdowego.pl\/index.php?rest_route=\/wp\/v2\/pages\/714\/revisions\/731"}],"wp:attachment":[{"href":"http:\/\/www.centrumszkoleniarajdowego.pl\/index.php?rest_route=%2Fwp%2Fv2%2Fmedia&parent=714"}],"curies":[{"name":"wp","href":"https:\/\/api.w.org\/{rel}","templated":true}]}}