{"id":619,"date":"2025-03-23T21:15:45","date_gmt":"2025-03-23T20:15:45","guid":{"rendered":"http:\/\/www.centrumszkoleniarajdowego.pl\/?page_id=619"},"modified":"2025-03-23T21:15:45","modified_gmt":"2025-03-23T20:15:45","slug":"ratowanie","status":"publish","type":"page","link":"http:\/\/www.centrumszkoleniarajdowego.pl\/?page_id=619","title":{"rendered":"RATOWANIE"},"content":{"rendered":"\n<p>Je\u017celi nast\u0119puje potrzeba ratowania toru jazdy, to znaczy, \u017ce kierowca pope\u0142ni\u0142 b\u0142\u0105d najprawdopodobniej w strefie hamowania, lub w fazie skr\u0119tu.<\/p>\n\n\n\n<p>Ratowanie zawsze wi\u0105\u017ce si\u0119 ze strat\u0105. Dobrze jest, je\u017celi jest to tylko strata czasowa. Cz\u0119sto jednak auto l\u0105duje poza drog\u0105.<\/p>\n\n\n\n<p>NIE MA MO\u017bLIWO\u015aCI skutecznego pe\u0142nego ratowania. Z regu\u0142y jest na to zbyt ma\u0142o czasu i miejsca.<\/p>\n\n\n\n<p>Przyczyny ratowania s\u0105 r\u00f3\u017cne : albo wylatuje prz\u00f3d, albo wylatuje ty\u0142, albo nast\u0119puje wylotka czteroko\u0142owa.<\/p>\n\n\n\n<p>Na ka\u017cd\u0105 sytuacj\u0119 nale\u017cy zareagowa\u0107 inaczej. Jednak zawsze nale\u017cy doprowadzi\u0107 do b\u0142yskawicznego zr\u00f3wnowa\u017cenia wektor\u00f3w si\u0142 znosz\u0105cych i ukierunkowa\u0107 je w zaplanowanym torze jazdy.<\/p>\n\n\n\n<p><strong>Jedynym sposobem na ratowanie jest niedopuszczanie do takich sytuacji \u2013 czyli sztuka przewidywania i reagowania na to co mo\u017ce nast\u0105pi\u0107<\/strong><\/p>\n","protected":false},"excerpt":{"rendered":"<p>Je\u017celi nast\u0119puje potrzeba ratowania toru jazdy, to znaczy, \u017ce kierowca pope\u0142ni\u0142 b\u0142\u0105d najprawdopodobniej w strefie hamowania, lub w fazie skr\u0119tu. Ratowanie zawsze wi\u0105\u017ce si\u0119 ze strat\u0105. Dobrze jest, je\u017celi jest to tylko strata czasowa. Cz\u0119sto jednak auto l\u0105duje poza drog\u0105. NIE MA MO\u017bLIWO\u015aCI skutecznego pe\u0142nego ratowania. Z regu\u0142y jest na to zbyt ma\u0142o czasu i [&hellip;]<\/p>\n","protected":false},"author":1,"featured_media":0,"parent":0,"menu_order":38,"comment_status":"closed","ping_status":"closed","template":"","meta":[],"_links":{"self":[{"href":"http:\/\/www.centrumszkoleniarajdowego.pl\/index.php?rest_route=\/wp\/v2\/pages\/619"}],"collection":[{"href":"http:\/\/www.centrumszkoleniarajdowego.pl\/index.php?rest_route=\/wp\/v2\/pages"}],"about":[{"href":"http:\/\/www.centrumszkoleniarajdowego.pl\/index.php?rest_route=\/wp\/v2\/types\/page"}],"author":[{"embeddable":true,"href":"http:\/\/www.centrumszkoleniarajdowego.pl\/index.php?rest_route=\/wp\/v2\/users\/1"}],"replies":[{"embeddable":true,"href":"http:\/\/www.centrumszkoleniarajdowego.pl\/index.php?rest_route=%2Fwp%2Fv2%2Fcomments&post=619"}],"version-history":[{"count":1,"href":"http:\/\/www.centrumszkoleniarajdowego.pl\/index.php?rest_route=\/wp\/v2\/pages\/619\/revisions"}],"predecessor-version":[{"id":620,"href":"http:\/\/www.centrumszkoleniarajdowego.pl\/index.php?rest_route=\/wp\/v2\/pages\/619\/revisions\/620"}],"wp:attachment":[{"href":"http:\/\/www.centrumszkoleniarajdowego.pl\/index.php?rest_route=%2Fwp%2Fv2%2Fmedia&parent=619"}],"curies":[{"name":"wp","href":"https:\/\/api.w.org\/{rel}","templated":true}]}}