{"id":613,"date":"2025-03-23T21:10:21","date_gmt":"2025-03-23T20:10:21","guid":{"rendered":"http:\/\/www.centrumszkoleniarajdowego.pl\/?page_id=613"},"modified":"2025-03-23T21:10:21","modified_gmt":"2025-03-23T20:10:21","slug":"kierownica","status":"publish","type":"page","link":"http:\/\/www.centrumszkoleniarajdowego.pl\/?page_id=613","title":{"rendered":"KIEROWNICA"},"content":{"rendered":"\n<p>Sposoby kr\u0119cenia kierownic\u0105:<\/p>\n\n\n\n<ul><li>Szarpany<\/li><li>Zatrzymywany<\/li><li>Podcinany<\/li><li>Op\u00f3\u017aniony<\/li><li>Jednostajny<\/li><li>Przyspieszony<\/li><li>Przyspieszony 3 warianty<\/li><li>Progresywny<\/li><\/ul>\n","protected":false},"excerpt":{"rendered":"<p>Sposoby kr\u0119cenia kierownic\u0105: Szarpany Zatrzymywany Podcinany Op\u00f3\u017aniony Jednostajny Przyspieszony Przyspieszony 3 warianty Progresywny<\/p>\n","protected":false},"author":1,"featured_media":0,"parent":0,"menu_order":36,"comment_status":"closed","ping_status":"closed","template":"","meta":[],"_links":{"self":[{"href":"http:\/\/www.centrumszkoleniarajdowego.pl\/index.php?rest_route=\/wp\/v2\/pages\/613"}],"collection":[{"href":"http:\/\/www.centrumszkoleniarajdowego.pl\/index.php?rest_route=\/wp\/v2\/pages"}],"about":[{"href":"http:\/\/www.centrumszkoleniarajdowego.pl\/index.php?rest_route=\/wp\/v2\/types\/page"}],"author":[{"embeddable":true,"href":"http:\/\/www.centrumszkoleniarajdowego.pl\/index.php?rest_route=\/wp\/v2\/users\/1"}],"replies":[{"embeddable":true,"href":"http:\/\/www.centrumszkoleniarajdowego.pl\/index.php?rest_route=%2Fwp%2Fv2%2Fcomments&post=613"}],"version-history":[{"count":1,"href":"http:\/\/www.centrumszkoleniarajdowego.pl\/index.php?rest_route=\/wp\/v2\/pages\/613\/revisions"}],"predecessor-version":[{"id":614,"href":"http:\/\/www.centrumszkoleniarajdowego.pl\/index.php?rest_route=\/wp\/v2\/pages\/613\/revisions\/614"}],"wp:attachment":[{"href":"http:\/\/www.centrumszkoleniarajdowego.pl\/index.php?rest_route=%2Fwp%2Fv2%2Fmedia&parent=613"}],"curies":[{"name":"wp","href":"https:\/\/api.w.org\/{rel}","templated":true}]}}