{"id":610,"date":"2025-03-23T21:08:48","date_gmt":"2025-03-23T20:08:48","guid":{"rendered":"http:\/\/www.centrumszkoleniarajdowego.pl\/?page_id=610"},"modified":"2025-03-23T21:08:48","modified_gmt":"2025-03-23T20:08:48","slug":"pozycja-za-kierownica","status":"publish","type":"page","link":"http:\/\/www.centrumszkoleniarajdowego.pl\/?page_id=610","title":{"rendered":"POZYCJA ZA KIEROWNIC\u0104"},"content":{"rendered":"\n<p>Pozycje ergonomiczne kierowcy, pilota dla przetwarzania danych najszybszych i bezpiecznych technik jazdy.<\/p>\n\n\n\n<p><strong>Ustawienie fotela:<\/strong><\/p>\n\n\n\n<p>odleg\u0142o\u015b\u0107 od peda\u0142\u00f3w, od kierownicy, wysoko\u015b\u0107 , k\u0105t oparcia<\/p>\n\n\n\n<p><strong>Ustawienie kierownicy:<\/strong><\/p>\n\n\n\n<p>odleg\u0142o\u015b\u0107 od kierowcy, k\u0105t nachylenia, wysoko\u015b\u0107<\/p>\n\n\n\n<p><strong>Ustawienie peda\u0142\u00f3w<\/strong><\/p>\n\n\n\n<p>odleg\u0142o\u015bci mi\u0119dzy sprz\u0119g\u0142em a hamulcem, mi\u0119dzy hamulcem a peda\u0142em gazu<\/p>\n\n\n\n<p>wysoko\u015b\u0107, skok peda\u0142\u00f3w, k\u0105t nachylenia wzgl\u0119dem st\u00f3p kierowcy, odleg\u0142o\u015b\u0107 od fotela kierowcy<\/p>\n\n\n\n<p><strong>Ustawienie fotela pilota<\/strong><\/p>\n\n\n\n<p>Fotel pilota nale\u017cy ustawi\u0107 tak aby zapewni\u0107 mu najwygodniejsz\u0105 pozycj\u0119 do jednoczesnego obserwowania drogi i czytania \u2013 dyktowania opisu trasy. Jednocze\u015bnie przy ustawianiu fotela pilota nale\u017cy zwr\u00f3ci\u0107 uwag\u0119 na przeci\u0105\u017cenia kt\u00f3rym jest on poddawany podczas przyspieszania, hamowania, pokonywania zakr\u0119t\u00f3w. Dobrze jest zastosowa\u0107 podp\u00f3rk\u0119 pod stopy. Pilot musi mie\u0107 tak\u017ce dost\u0119p do zainstalowanych urz\u0105dze\u0144 nawigacyjnych, regulacji interkomu, podr\u0119cznego schowka na materia\u0142y pilota \u2013 notatki, opis, ksi\u0105\u017cka drogowa, itp<\/p>\n\n\n\n<p>Wa\u017cne jest te\u017c, aby pilot by\u0142 tak usytuowany, o ile wielko\u015b\u0107 auta na to pozwala, \u017ceby nie ingerowa\u0142 w stref\u0119 ruch\u00f3w kierowcy ( zmiana bieg\u00f3w, r\u0119czny hydrauliczny, czy te\u017c samo kr\u0119cenie kierownic\u0105).<\/p>\n\n\n\n<p>Przy budowie auta rajdowego nale\u017cy uwzgl\u0119dni\u0107 wzrost za\u0142ogi. Klatka musi by\u0107 dopasowana do za\u0142ogi. Zw\u0142aszcza fotele \u2013 musi wszystko by\u0107 tak rozplanowane, \u017ceby oparcia ustawionych foteli mie\u015bci\u0142y si\u0119 przed pa\u0142\u0105kiem g\u0142\u00f3wnym.<\/p>\n\n\n\n<p>W\u0142a\u015bciwie ustawiony fotel daje kierowcy mo\u017cliwo\u015b\u0107 czucia ca\u0142ego samochodu.<\/p>\n","protected":false},"excerpt":{"rendered":"<p>Pozycje ergonomiczne kierowcy, pilota dla przetwarzania danych najszybszych i bezpiecznych technik jazdy. Ustawienie fotela: odleg\u0142o\u015b\u0107 od peda\u0142\u00f3w, od kierownicy, wysoko\u015b\u0107 , k\u0105t oparcia Ustawienie kierownicy: odleg\u0142o\u015b\u0107 od kierowcy, k\u0105t nachylenia, wysoko\u015b\u0107 Ustawienie peda\u0142\u00f3w odleg\u0142o\u015bci mi\u0119dzy sprz\u0119g\u0142em a hamulcem, mi\u0119dzy hamulcem a peda\u0142em gazu wysoko\u015b\u0107, skok peda\u0142\u00f3w, k\u0105t nachylenia wzgl\u0119dem st\u00f3p kierowcy, odleg\u0142o\u015b\u0107 od fotela kierowcy [&hellip;]<\/p>\n","protected":false},"author":1,"featured_media":0,"parent":0,"menu_order":35,"comment_status":"closed","ping_status":"closed","template":"","meta":[],"_links":{"self":[{"href":"http:\/\/www.centrumszkoleniarajdowego.pl\/index.php?rest_route=\/wp\/v2\/pages\/610"}],"collection":[{"href":"http:\/\/www.centrumszkoleniarajdowego.pl\/index.php?rest_route=\/wp\/v2\/pages"}],"about":[{"href":"http:\/\/www.centrumszkoleniarajdowego.pl\/index.php?rest_route=\/wp\/v2\/types\/page"}],"author":[{"embeddable":true,"href":"http:\/\/www.centrumszkoleniarajdowego.pl\/index.php?rest_route=\/wp\/v2\/users\/1"}],"replies":[{"embeddable":true,"href":"http:\/\/www.centrumszkoleniarajdowego.pl\/index.php?rest_route=%2Fwp%2Fv2%2Fcomments&post=610"}],"version-history":[{"count":1,"href":"http:\/\/www.centrumszkoleniarajdowego.pl\/index.php?rest_route=\/wp\/v2\/pages\/610\/revisions"}],"predecessor-version":[{"id":611,"href":"http:\/\/www.centrumszkoleniarajdowego.pl\/index.php?rest_route=\/wp\/v2\/pages\/610\/revisions\/611"}],"wp:attachment":[{"href":"http:\/\/www.centrumszkoleniarajdowego.pl\/index.php?rest_route=%2Fwp%2Fv2%2Fmedia&parent=610"}],"curies":[{"name":"wp","href":"https:\/\/api.w.org\/{rel}","templated":true}]}}