{"id":595,"date":"2025-03-23T20:50:53","date_gmt":"2025-03-23T19:50:53","guid":{"rendered":"http:\/\/www.centrumszkoleniarajdowego.pl\/?page_id=595"},"modified":"2025-03-23T20:53:38","modified_gmt":"2025-03-23T19:53:38","slug":"jak-wygrywac","status":"publish","type":"page","link":"http:\/\/www.centrumszkoleniarajdowego.pl\/?page_id=595","title":{"rendered":"JAK WYGRYWA\u0106"},"content":{"rendered":"\n<p>Nauczy\u0107 si\u0119 wyczynowych technik jazdy i wdro\u017cy\u0107 je wykonawczo. Sukces gwarantowany.<\/p>\n\n\n\n<p>Oczywi\u015bcie niezb\u0119dne jest w\u0142a\u015bciwe zaplecze finansowe i techniczne. Samoch\u00f3d musi by\u0107 bezawaryjny a kierowca i pilot dobrze przygotowani. Serwis sprawny i dobrze znaj\u0105cy tematyk\u0119 sportow\u0105<\/p>\n\n\n\n<p>Niestety jest to zabawa dla zamo\u017cnych. Jednak da si\u0119 startowa\u0107 i wygrywa\u0107 z minimalnym bud\u017cetem. To tylko kwestia motywacji i sposob\u00f3w wykonawczych.<\/p>\n\n\n\n<p>Prawid\u0142owo przygotowa\u0107 samoch\u00f3d pod wzgl\u0119dem masy, silnika, podwozia i innych element\u00f3w wp\u0142ywaj\u0105cych na prowadzenie.<\/p>\n\n\n\n<p>Wybra\u0107 zawody, w kt\u00f3rych chcemy bra\u0107 udzia\u0142.<\/p>\n\n\n\n<p>W\u0142a\u015bciwie wybra\u0107 klas\u0119 w kt\u00f3rej chcemy wygrywa\u0107. W zale\u017cno\u015bci od bud\u017cetu mo\u017ce to by\u0107 generalka.<\/p>\n\n\n\n<p>Dobrze zapozna\u0107 si\u0119 z regulaminami.<\/p>\n\n\n\n<p>Du\u017co startowa\u0107 i du\u017co trenowa\u0107. Doj\u015b\u0107 do perfekcji w prowadzeniu auta w r\u00f3\u017cnych warunkach drogowych i atmosferycznych.<\/p>\n\n\n\n<p>Wa\u017cne jest aby rywalizowa\u0107 z r\u00f3wnymi sobie. Zbli\u017cone moce i osi\u0105gi. Bezsensem jest, a niejednokrotnie takich mistrz\u00f3w widzia\u0142em, jak super fur\u0105 300+ wklepali \u201emaluchom\u201d. \u017benada pe\u0142na.<\/p>\n\n\n\n<p>W drug\u0105 stron\u0119 jest ciekawiej. S\u0142abszym autem klepn\u0105\u0107 super fur\u0119. Te\u017c takie akcje widzia\u0142em. To ju\u017c \u015bwiadczy o kierowcy.<\/p>\n\n\n\n<p>Wygrywa si\u0119 w strefie hamowania.<\/p>\n\n\n\n<p>Wygrywa si\u0119 na wej\u015bciu w zakr\u0119t.<\/p>\n\n\n\n<p>Wygrywa si\u0119 w zakr\u0119cie.<\/p>\n\n\n\n<p>Wygrywa si\u0119 na wej\u015bciu na prost\u0105.<\/p>\n\n\n\n<p>Na prostej wygrywa silnik.<\/p>\n\n\n\n<p>Mo\u017cna zainwestowa\u0107 w technik\u0119 samochodu. Wyda\u0107 wory pieni\u0119dzy. Niestety wiem, \u017ce z regu\u0142y nie przynosi to oczekiwanego efektu. Rozczarowany zawodnik tym, \u017ce auto samo nie jedzie za niego, wycofuje si\u0119 z zabawy.<\/p>\n\n\n\n<p>Odwrotnie \u2013 najpierw technika jazdy a potem technika samochodu, daje bardzo dobre efekty.<\/p>\n\n\n\n<p>Pe\u0142ne informacje na ten temat na treningach indywidualnych.<\/p>\n","protected":false},"excerpt":{"rendered":"<p>Nauczy\u0107 si\u0119 wyczynowych technik jazdy i wdro\u017cy\u0107 je wykonawczo. Sukces gwarantowany. Oczywi\u015bcie niezb\u0119dne jest w\u0142a\u015bciwe zaplecze finansowe i techniczne. Samoch\u00f3d musi by\u0107 bezawaryjny a kierowca i pilot dobrze przygotowani. Serwis sprawny i dobrze znaj\u0105cy tematyk\u0119 sportow\u0105 Niestety jest to zabawa dla zamo\u017cnych. Jednak da si\u0119 startowa\u0107 i wygrywa\u0107 z minimalnym bud\u017cetem. To tylko kwestia motywacji [&hellip;]<\/p>\n","protected":false},"author":1,"featured_media":0,"parent":0,"menu_order":30,"comment_status":"closed","ping_status":"closed","template":"","meta":[],"_links":{"self":[{"href":"http:\/\/www.centrumszkoleniarajdowego.pl\/index.php?rest_route=\/wp\/v2\/pages\/595"}],"collection":[{"href":"http:\/\/www.centrumszkoleniarajdowego.pl\/index.php?rest_route=\/wp\/v2\/pages"}],"about":[{"href":"http:\/\/www.centrumszkoleniarajdowego.pl\/index.php?rest_route=\/wp\/v2\/types\/page"}],"author":[{"embeddable":true,"href":"http:\/\/www.centrumszkoleniarajdowego.pl\/index.php?rest_route=\/wp\/v2\/users\/1"}],"replies":[{"embeddable":true,"href":"http:\/\/www.centrumszkoleniarajdowego.pl\/index.php?rest_route=%2Fwp%2Fv2%2Fcomments&post=595"}],"version-history":[{"count":1,"href":"http:\/\/www.centrumszkoleniarajdowego.pl\/index.php?rest_route=\/wp\/v2\/pages\/595\/revisions"}],"predecessor-version":[{"id":596,"href":"http:\/\/www.centrumszkoleniarajdowego.pl\/index.php?rest_route=\/wp\/v2\/pages\/595\/revisions\/596"}],"wp:attachment":[{"href":"http:\/\/www.centrumszkoleniarajdowego.pl\/index.php?rest_route=%2Fwp%2Fv2%2Fmedia&parent=595"}],"curies":[{"name":"wp","href":"https:\/\/api.w.org\/{rel}","templated":true}]}}