{"id":56,"date":"2014-02-12T03:39:42","date_gmt":"2014-02-12T02:39:42","guid":{"rendered":"http:\/\/www.centrumszkoleniarajdowego.pl\/?page_id=56"},"modified":"2014-03-20T23:09:17","modified_gmt":"2014-03-20T22:09:17","slug":"dla-kogo","status":"publish","type":"page","link":"http:\/\/www.centrumszkoleniarajdowego.pl\/?page_id=56","title":{"rendered":"DLA KOGO"},"content":{"rendered":"<h2>INDYWIDUALNE\u00a0TRENINGI<\/h2>\n<h2>WYCZYNOWYCH TECHNIK JAZDY\u00a0SAMOCHODEM<\/h2>\n<h2>DLA:<\/h2>\n<div id=\"divisionText\">\n<ul>\n<li>dla wszystkich kierowc\u00f3w, jako najwa\u017cniejszy element bezpiecze\u0144stwa w ruchu drogowym<\/li>\n<\/ul>\n<p>dla kierowc\u00f3w chc\u0105cych bra\u0107 udzia\u0142 w zawodach sportowych<br \/>\ndla aktywnych zawodnik\u00f3w sportowych i wyczynowych<br \/>\ndla kierowc\u00f3w z du\u017cym sta\u017cem za kierownic\u0105<br \/>\ndla kierowc\u00f3w tu\u017c po zdanym egzaminie na prawo jazdy<br \/>\ndla kierowc\u00f3w z bardzo kr\u00f3tka praktyk\u0105 za kierownic\u0105<br \/>\ndla kierowc\u00f3w po kolizjach drogowych<br \/>\nspecjalistyczne dla kierowc\u00f3w s\u0142u\u017cb mundurowych<\/p>\n<ul>\n<li>przygotowuj\u0105ce do udzia\u0142u w KJS \u2013 Konkursowa Jazda Samochodem<\/li>\n<li>przygotowuj\u0105ce do udzia\u0142u w Track Day, Rally Sprint<\/li>\n<li>przygotowuj\u0105ce do udzia\u0142u w RSMP \u2013 Rajdowe Samochodowe Mistrzostwa Polski (1,2,3, liga)<\/li>\n<li>przygotowuj\u0105ce do udzia\u0142u w Wy\u015bcigach G\u00f3rskich<\/li>\n<li>przygotowuj\u0105ce do udzia\u0142u w Wy\u015bcigach P\u0142askich<\/li>\n<li>przygotowuj\u0105ce pilot\u00f3w rajdowych pod k\u0105tem prawid\u0142owego dyktowania opisu i innych zada\u0144 dotycz\u0105cych pilota rajdowego, podczas trwania rajdu<\/li>\n<li>przygotowuj\u0105ce kierowc\u00f3w i pilot\u00f3w rajdowych pod k\u0105tem regulamin\u00f3w sportowych<\/li>\n<li>wykorzystania w szkoleniach firmowych<\/li>\n<li>\u00a0Piknik\u00f3w Motoryzacyjnych<\/li>\n<li>\u00a0kierowc\u00f3w osobistych<\/li>\n<li>\u00a0kierowc\u00f3w firmowych<\/li>\n<li>\u00a0kierowc\u00f3w w s\u0142u\u017cbach mundurowych<\/li>\n<\/ul>\n<\/div>\n","protected":false},"excerpt":{"rendered":"<p>INDYWIDUALNE\u00a0TRENINGI WYCZYNOWYCH TECHNIK JAZDY\u00a0SAMOCHODEM DLA: dla wszystkich kierowc\u00f3w, jako najwa\u017cniejszy element bezpiecze\u0144stwa w ruchu drogowym dla kierowc\u00f3w chc\u0105cych bra\u0107 udzia\u0142 w zawodach sportowych dla aktywnych zawodnik\u00f3w sportowych i wyczynowych dla kierowc\u00f3w z du\u017cym sta\u017cem za kierownic\u0105 dla kierowc\u00f3w tu\u017c po zdanym egzaminie na prawo jazdy dla kierowc\u00f3w z bardzo kr\u00f3tka praktyk\u0105 za kierownic\u0105 dla kierowc\u00f3w [&hellip;]<\/p>\n","protected":false},"author":1,"featured_media":0,"parent":0,"menu_order":0,"comment_status":"closed","ping_status":"closed","template":"","meta":[],"_links":{"self":[{"href":"http:\/\/www.centrumszkoleniarajdowego.pl\/index.php?rest_route=\/wp\/v2\/pages\/56"}],"collection":[{"href":"http:\/\/www.centrumszkoleniarajdowego.pl\/index.php?rest_route=\/wp\/v2\/pages"}],"about":[{"href":"http:\/\/www.centrumszkoleniarajdowego.pl\/index.php?rest_route=\/wp\/v2\/types\/page"}],"author":[{"embeddable":true,"href":"http:\/\/www.centrumszkoleniarajdowego.pl\/index.php?rest_route=\/wp\/v2\/users\/1"}],"replies":[{"embeddable":true,"href":"http:\/\/www.centrumszkoleniarajdowego.pl\/index.php?rest_route=%2Fwp%2Fv2%2Fcomments&post=56"}],"version-history":[{"count":5,"href":"http:\/\/www.centrumszkoleniarajdowego.pl\/index.php?rest_route=\/wp\/v2\/pages\/56\/revisions"}],"predecessor-version":[{"id":286,"href":"http:\/\/www.centrumszkoleniarajdowego.pl\/index.php?rest_route=\/wp\/v2\/pages\/56\/revisions\/286"}],"wp:attachment":[{"href":"http:\/\/www.centrumszkoleniarajdowego.pl\/index.php?rest_route=%2Fwp%2Fv2%2Fmedia&parent=56"}],"curies":[{"name":"wp","href":"https:\/\/api.w.org\/{rel}","templated":true}]}}